{"id":25,"date":"2023-05-30T11:25:00","date_gmt":"2023-05-30T11:25:00","guid":{"rendered":"https:\/\/universidadeslectoras.es\/vcongreso\/?page_id=25"},"modified":"2023-09-04T04:41:00","modified_gmt":"2023-09-04T04:41:00","slug":"comunicaciones","status":"publish","type":"page","link":"https:\/\/universidadeslectoras.es\/vcongreso\/index.php\/comunicaciones\/","title":{"rendered":"Comunicaciones del V Congreso Internacional RIUL: Cultura del Agua, Ecopatrimonio y ODS"},"content":{"rendered":"\n<p>Plazo abierto hasta el d\u00eda  22 de octubre para env\u00edo de propuestas de comunicaciones. Deber\u00e1n incluir:<\/p>\n\n\n\n<p>\u00b7&nbsp;&nbsp;&nbsp;&nbsp;&nbsp;&nbsp;&nbsp;&nbsp;T\u00edtulo<\/p>\n\n\n\n<p>\u00b7&nbsp;&nbsp;&nbsp;&nbsp;&nbsp;&nbsp;&nbsp;&nbsp;Autor \/ Aurores<\/p>\n\n\n\n<p>\u00b7&nbsp;&nbsp;&nbsp;&nbsp;&nbsp;&nbsp;&nbsp;&nbsp;Entidad<\/p>\n\n\n\n<p>\u00b7&nbsp;&nbsp;&nbsp;&nbsp;&nbsp;&nbsp;&nbsp;&nbsp;Correo electr\u00f3nico de contacto<\/p>\n\n\n\n<p>\u00b7&nbsp;&nbsp;&nbsp;&nbsp;&nbsp;&nbsp;&nbsp;&nbsp;Resumen de m\u00e1ximo 300 palabras en espa\u00f1ol o en ingl\u00e9s (adicionalmente se podr\u00e1n incluir un m\u00e1ximo de 5 referencias en tal resumen)<\/p>\n\n\n\n<p>\u00b7&nbsp;&nbsp;&nbsp;&nbsp;&nbsp;&nbsp;&nbsp;&nbsp;Breve curriculum vitae (Biodata) de en torno a 200 palabras<\/p>\n\n\n\n<p>\u00b7&nbsp;&nbsp;&nbsp;&nbsp;&nbsp;&nbsp;&nbsp;&nbsp;L\u00ednea tem\u00e1tica en la que participa<\/p>\n\n\n\n<p>Las comunicaciones se adaptar\u00e1n al formato de Power Points grabados con voz y en los m\u00e1rgenes de entre 10 y 14 minutos de duraci\u00f3n, y de hasta 20 diapositivas, a fin de facilitar la atenci\u00f3n y la asimilaci\u00f3n de conocimientos. Todos los materiales ser\u00e1n alojados en esta web y los comunicantes se comprometer\u00e1n a mantener presencia online en la franja horaria de interacci\u00f3n asignada en funci\u00f3n de la l\u00ednea tem\u00e1tica.<\/p>\n\n\n\n<div style=\"height:100px\" aria-hidden=\"true\" class=\"wp-block-spacer\"><\/div>\n\n\n\n<p><strong>Comunicaciones escritas<\/strong><\/p>\n\n\n\n<p>Acabado el Congreso, se dar\u00e1 un plazo adicional de un mes para remitir al Comit\u00e9 la versi\u00f3n escrita en formato de art\u00edculo o paper, que deber\u00e1 serguir las normas de publicaci\u00f3n de la revista \u00c1labe, que pueden consultarse en&nbsp;&nbsp;<a href=\"http:\/\/revistaalabe.com\/index\/alabe\/about\/submissions\/#authorGuidelines\">Env\u00edos (revistaalabe.com)<\/a>, con una extensi\u00f3n m\u00e1xima de 5000 palabras (sin incluir la extensi\u00f3n de Bibliograf\u00eda o Referencias).<\/p>\n\n\n\n<p>Se comunicar\u00e1 al interesado\/a la publicaci\u00f3n (libro en editorial SPI\/revista de impacto) a la que ha sido asignada su contribuci\u00f3n, a tenor de la tem\u00e1tica y de las recomendaciones del Comit\u00e9 Organizador y de los evaluadores externos.&nbsp;<\/p>\n\n\n\n<p>Para el env\u00edo de res\u00famenes, aceptaci\u00f3n y formalizaci\u00f3n de la inscripci\u00f3n se deben tener en cuenta las siguientes fechas:<\/p>\n\n\n\n<p><\/p>\n\n\n\n<div style=\"height:50px\" aria-hidden=\"true\" class=\"wp-block-spacer\"><\/div>\n\n\n\n<figure class=\"wp-block-table aligncenter\"><table><tbody><tr><td><strong>ACTIVIDAD<\/strong><\/td><td><strong>FECHA<\/strong><\/td><\/tr><tr><td><strong>Registro<\/strong><\/td><td>30 octubre 2023<\/td><\/tr><tr><td><strong>Env\u00edo de resumen<\/strong><\/td><td>22 octubre 2023<\/td><\/tr><tr><td><strong>Finalizaci\u00f3n de inscripci\u00f3n (pago)<\/strong><\/td><td>22 octubre 2023<\/td><\/tr><tr><td><strong>Env\u00edo presentaci\u00f3n ppt<\/strong><\/td><td>23 octubre 2023<\/td><\/tr><tr><td><strong>Comunicaciones escritas<\/strong><\/td><td>3 diciembre 2023<\/td><\/tr><\/tbody><\/table><\/figure>\n","protected":false},"excerpt":{"rendered":"<p>Plazo abierto hasta el d\u00eda 22 de octubre para env\u00edo de propuestas de comunicaciones. Deber\u00e1n incluir: \u00b7&nbsp;&nbsp;&nbsp;&nbsp;&nbsp;&nbsp;&nbsp;&nbsp;T\u00edtulo \u00b7&nbsp;&nbsp;&nbsp;&nbsp;&nbsp;&nbsp;&nbsp;&nbsp;Autor \/ Aurores \u00b7&nbsp;&nbsp;&nbsp;&nbsp;&nbsp;&nbsp;&nbsp;&nbsp;Entidad \u00b7&nbsp;&nbsp;&nbsp;&nbsp;&nbsp;&nbsp;&nbsp;&nbsp;Correo<\/p>\n<p class=\"link-more\"><a class=\"myButt \" href=\"https:\/\/universidadeslectoras.es\/vcongreso\/index.php\/comunicaciones\/\">Read More<\/a><\/p>\n","protected":false},"author":1,"featured_media":0,"parent":0,"menu_order":0,"comment_status":"closed","ping_status":"closed","template":"","meta":[],"_links":{"self":[{"href":"https:\/\/universidadeslectoras.es\/vcongreso\/index.php\/wp-json\/wp\/v2\/pages\/25"}],"collection":[{"href":"https:\/\/universidadeslectoras.es\/vcongreso\/index.php\/wp-json\/wp\/v2\/pages"}],"about":[{"href":"https:\/\/universidadeslectoras.es\/vcongreso\/index.php\/wp-json\/wp\/v2\/types\/page"}],"author":[{"embeddable":true,"href":"https:\/\/universidadeslectoras.es\/vcongreso\/index.php\/wp-json\/wp\/v2\/users\/1"}],"replies":[{"embeddable":true,"href":"https:\/\/universidadeslectoras.es\/vcongreso\/index.php\/wp-json\/wp\/v2\/comments?post=25"}],"version-history":[{"count":10,"href":"https:\/\/universidadeslectoras.es\/vcongreso\/index.php\/wp-json\/wp\/v2\/pages\/25\/revisions"}],"predecessor-version":[{"id":690,"href":"https:\/\/universidadeslectoras.es\/vcongreso\/index.php\/wp-json\/wp\/v2\/pages\/25\/revisions\/690"}],"wp:attachment":[{"href":"https:\/\/universidadeslectoras.es\/vcongreso\/index.php\/wp-json\/wp\/v2\/media?parent=25"}],"curies":[{"name":"wp","href":"https:\/\/api.w.org\/{rel}","templated":true}]}}