{"id":203,"date":"2021-03-05T12:55:20","date_gmt":"2021-03-05T12:55:20","guid":{"rendered":"https:\/\/universidadeslectoras.es\/xvaniversario\/?page_id=203"},"modified":"2021-04-09T10:32:05","modified_gmt":"2021-04-09T10:32:05","slug":"la-escritura-academica","status":"publish","type":"page","link":"https:\/\/universidadeslectoras.es\/xvaniversario\/index.php\/la-escritura-academica\/","title":{"rendered":"LA ESCRITURA ACAD\u00c9MICA"},"content":{"rendered":"\n<p class=\"has-text-align-center\" style=\"font-size:28px\"><\/p>\n\n\n\n<p class=\"has-text-align-left has-medium-font-size\">I Seminario Internacional Interuniversitario de Lectura y Escritura en la Universidad <\/p>\n\n\n\n<p><\/p>\n\n\n\n<p><\/p>\n\n\n\n<p><\/p>\n\n\n\n<p><\/p>\n\n\n\n<div class=\"wp-block-image\"><figure class=\"aligncenter size-large is-resized\"><img loading=\"lazy\" src=\"https:\/\/universidadeslectoras.es\/xvaniversario\/wp-content\/uploads\/2021\/03\/seminario-Escritura-instagramC-1024x1024.jpg\" alt=\"\" class=\"wp-image-207\" width=\"512\" height=\"512\" srcset=\"https:\/\/universidadeslectoras.es\/xvaniversario\/wp-content\/uploads\/2021\/03\/seminario-Escritura-instagramC-1024x1024.jpg 1024w, https:\/\/universidadeslectoras.es\/xvaniversario\/wp-content\/uploads\/2021\/03\/seminario-Escritura-instagramC-300x300.jpg 300w, https:\/\/universidadeslectoras.es\/xvaniversario\/wp-content\/uploads\/2021\/03\/seminario-Escritura-instagramC-150x150.jpg 150w, https:\/\/universidadeslectoras.es\/xvaniversario\/wp-content\/uploads\/2021\/03\/seminario-Escritura-instagramC-768x768.jpg 768w, https:\/\/universidadeslectoras.es\/xvaniversario\/wp-content\/uploads\/2021\/03\/seminario-Escritura-instagramC.jpg 1080w\" sizes=\"(max-width: 512px) 100vw, 512px\" \/><\/figure><\/div>\n\n\n\n<hr class=\"wp-block-separator\"\/>\n\n\n\n<hr class=\"wp-block-separator\"\/>\n\n\n\n<div class=\"wp-block-file aligncenter\"><a href=\"https:\/\/universidadeslectoras.es\/xvaniversario\/wp-content\/uploads\/2021\/04\/I-Seminario-La-escritura-academica-2.pdf\" target=\"_blank\" rel=\"noreferrer noopener\">PROGRAMA (PDF) | I Seminario La escritura acad\u00e9mica<\/a><a href=\"https:\/\/universidadeslectoras.es\/xvaniversario\/wp-content\/uploads\/2021\/04\/I-Seminario-La-escritura-academica-2.pdf\" class=\"wp-block-file__button\" download>Descarga<\/a><\/div>\n\n\n\n<hr class=\"wp-block-separator\"\/>\n\n\n\n<p>El I Seminario Interuniversitario sobre la Escritura Acad\u00e9mica pretende abordar la lectura y la escritura en el entorno universitario, as\u00ed como otros temas conexos de especial relevancia en las universidades desde diversas perspectivas, con actividades tanto te\u00f3ricas como con actividades pr\u00e1cticas y sesiones de debates.<br><\/p>\n\n\n\n<p>El dominio de las competencias de escritura guarda una correlaci\u00f3n admitida por todos los estudios con el \u00e9xito acad\u00e9mico y profesional. Ahora bien, el marco te\u00f3rico y emp\u00edrico de estos aprendizajes es multidimensional y requiere un tratamiento \u201chol\u00edstico\u201d. As\u00ed, el concepto amplio de \u201ccultura escrita\u201d en su aplicaci\u00f3n a la Universidad incide a la vez en varios ejes fundamentales: competencias lectoras, alfabetizaci\u00f3n m\u00faltiple, nuevas pr\u00e1cticas de lectura y escritura, aprendizaje a lo largo de la vida, formaci\u00f3n permanente de los docentes, bibliotecas universitarias, extensi\u00f3n universitaria, planes lectores en las universidades, proyectos de intervenci\u00f3n o promoci\u00f3n de entornos o ambientes \u201cletrados\u201d, etc.<\/p>\n\n\n\n<p>Se hace preciso aunar estos diferentes \u00e1mbitos en estudios e investigaciones que indaguen la pluralidad de estas pr\u00e1cticas de lectura y escritura en los entornos acad\u00e9micos, profesionales y sociales espec\u00edficos de la Universidad y que aporten criterios de cara a pol\u00edticas universitarias de actuaci\u00f3n, optimizaci\u00f3n de recursos y<br>elaboraci\u00f3n de cat\u00e1logos de buenas pr\u00e1cticas en esta materia.<\/p>\n\n\n\n<hr class=\"wp-block-separator\"\/>\n\n\n\n<hr class=\"wp-block-separator\"\/>\n\n\n\n<p class=\"has-text-align-center\"><strong>NOTAS<\/strong><\/p>\n\n\n\n<p><\/p>\n\n\n\n<figure class=\"wp-block-table\"><table><tbody><tr><td>&#8211; Todas las ponencias se retransmitir\u00e1n en streaming y se grabar\u00e1n para permitir la asistencia y participaci\u00f3n de los inscritos en modalidad s\u00edncrona\/as\u00edncrona indistintamente.<br><br>&#8211; Las ponencias se publicar\u00e1n en un libro de una editorial SPI o en la monograf\u00eda de una revista de impacto.<br><br>&#8211; No se har\u00e1 convocatoria de comunicaciones al Seminario, pero, con posterioridad a su cierre, los asistentes que lo deseen podr\u00e1n proponer al Comit\u00e9 Organizador contribuciones para incluir en el referido libro\/revista.<\/td><\/tr><\/tbody><\/table><\/figure>\n\n\n\n<p><\/p>\n\n\n\n<p><\/p>\n\n\n\n<p><\/p>\n\n\n\n<p><\/p>\n\n\n\n<hr class=\"wp-block-separator\"\/>\n\n\n\n<p class=\"has-text-align-center\"><strong>COORDINADO POR<\/strong><br>\/ Dra. Natalia \u00c1lvarez<br>\/ Dr. Eloy Martos<br>\/ Dr. Jes\u00fas Nieto<br>\/ Dr. \u00c1ngel Su\u00e1rez<br>\/ Dra. Marta Torres<br><\/p>\n\n\n\n<hr class=\"wp-block-separator\"\/>\n\n\n\n<p class=\"has-text-align-center\"><strong>TASAS<\/strong><br>\u2013 Estudiantes de universidades miembros de RIUL: 20 euros<br>\u2013 Estudiantes de universidades no miembros de RIUL: 40 euros<br>\u2013 PDI de universidades miembros de RIUL: 40 euros<br>\u2013 PDI de universidades no miembros de RIUL: 60 euros<br><\/p>\n\n\n\n<hr class=\"wp-block-separator\"\/>\n\n\n\n<p class=\"has-text-align-center\"><strong>CERTIFICACI\u00d3N ACAD\u00c9MICA<\/strong><br>\u2013 1 cr\u00e9dito ECTS<br><\/p>\n\n\n\n<hr class=\"wp-block-separator\"\/>\n\n\n\n<p class=\"has-text-align-center\"><strong>INSCRIPCI\u00d3N<\/strong><br><a rel=\"noreferrer noopener\" href=\"https:\/\/eventos.unex.es\/61883\/dates\/i-seminario\n-internacional-interuniversitario-de-lectura-y\n-escritura-en-la-universidad_-la-escritura.html\" target=\"_blank\">https:\/\/eventos.unex.es\/61883\/dates\/i-seminario<br>-internacional-interuniversitario-de-lectura-y<br>-escritura-en-la-universidad_-la-escritura.html<\/a><\/p>\n\n\n\n<div class=\"wp-block-image\"><figure class=\"aligncenter size-large\"><img loading=\"lazy\" width=\"237\" height=\"238\" src=\"https:\/\/universidadeslectoras.es\/xvaniversario\/wp-content\/uploads\/2021\/03\/inscripcion.jpg\" alt=\"\" class=\"wp-image-219\" srcset=\"https:\/\/universidadeslectoras.es\/xvaniversario\/wp-content\/uploads\/2021\/03\/inscripcion.jpg 237w, https:\/\/universidadeslectoras.es\/xvaniversario\/wp-content\/uploads\/2021\/03\/inscripcion-150x150.jpg 150w\" sizes=\"(max-width: 237px) 100vw, 237px\" \/><\/figure><\/div>\n","protected":false},"excerpt":{"rendered":"<p>I Seminario Internacional Interuniversitario de Lectura y Escritura en la Universidad El I Seminario Interuniversitario sobre la Escritura Acad\u00e9mica pretende abordar la lectura y la escritura en el entorno universitario, as\u00ed como otros temas conexos de especial relevancia en las universidades desde diversas perspectivas, con actividades tanto te\u00f3ricas como con actividades pr\u00e1cticas y sesiones de [&hellip;]<\/p>\n","protected":false},"author":1,"featured_media":0,"parent":0,"menu_order":0,"comment_status":"closed","ping_status":"closed","template":"","meta":{"kt_blocks_editor_width":""},"_links":{"self":[{"href":"https:\/\/universidadeslectoras.es\/xvaniversario\/index.php\/wp-json\/wp\/v2\/pages\/203"}],"collection":[{"href":"https:\/\/universidadeslectoras.es\/xvaniversario\/index.php\/wp-json\/wp\/v2\/pages"}],"about":[{"href":"https:\/\/universidadeslectoras.es\/xvaniversario\/index.php\/wp-json\/wp\/v2\/types\/page"}],"author":[{"embeddable":true,"href":"https:\/\/universidadeslectoras.es\/xvaniversario\/index.php\/wp-json\/wp\/v2\/users\/1"}],"replies":[{"embeddable":true,"href":"https:\/\/universidadeslectoras.es\/xvaniversario\/index.php\/wp-json\/wp\/v2\/comments?post=203"}],"version-history":[{"count":18,"href":"https:\/\/universidadeslectoras.es\/xvaniversario\/index.php\/wp-json\/wp\/v2\/pages\/203\/revisions"}],"predecessor-version":[{"id":333,"href":"https:\/\/universidadeslectoras.es\/xvaniversario\/index.php\/wp-json\/wp\/v2\/pages\/203\/revisions\/333"}],"wp:attachment":[{"href":"https:\/\/universidadeslectoras.es\/xvaniversario\/index.php\/wp-json\/wp\/v2\/media?parent=203"}],"curies":[{"name":"wp","href":"https:\/\/api.w.org\/{rel}","templated":true}]}}