{"id":368,"date":"2021-05-27T11:55:01","date_gmt":"2021-05-27T11:55:01","guid":{"rendered":"https:\/\/universidadeslectoras.es\/xvaniversario\/?page_id=368"},"modified":"2021-11-16T12:15:39","modified_gmt":"2021-11-16T12:15:39","slug":"fronteras-permeables-ciencias-sociales-y-literatura","status":"publish","type":"page","link":"https:\/\/universidadeslectoras.es\/xvaniversario\/index.php\/fronteras-permeables-ciencias-sociales-y-literatura\/","title":{"rendered":"FRONTERAS PERMEABLES: CIENCIAS SOCIALES Y LITERATURA"},"content":{"rendered":"\n<p class=\"has-medium-font-size\"><strong>Di\u00e1logos entre escritores y acad\u00e9micos<\/strong><\/p>\n\n\n\n<p>Este conjunto de di\u00e1logos reunir\u00e1n siempre a un\/a novelista y un\/a acad\u00e9mico\/a que entronquen en un objeto tem\u00e1tico. Por ejemplo, un historiador que haga biograf\u00edas y un novelista que haga biograf\u00edas noveladas; un historiador y un novelista que haga novela hist\u00f3rica; un periodista y un novelista que novele realidades sociales actuales; un novelista y un fil\u00f3sofo; un novelista y un polit\u00f3logo; un novelista y un psicoanalista, etc.<br>Cada di\u00e1logo se preparar\u00e1 de antemano con los participantes dado que se pretende evitar tanto la dispersi\u00f3n como que el encuentro se transforme en un mero intercambio de ocurrencias ingeniosas. Los di\u00e1logos se orientar\u00e1n a profundizar en el conocimiento de las diferencias y concomitancias entre la escritura creativa y la acad\u00e9mica.<\/p>\n\n\n\n<p><strong>Patrocinan:<\/strong><\/p>\n\n\n\n<div class=\"wp-block-columns\">\n<div class=\"wp-block-column\" style=\"flex-basis:25%\">\n<figure class=\"wp-block-image size-large img-sombra\"><img loading=\"lazy\" width=\"180\" height=\"180\" src=\"https:\/\/universidadeslectoras.es\/xvaniversario\/wp-content\/uploads\/2021\/05\/CCJ.jpg\" alt=\"\" class=\"wp-image-401\" srcset=\"https:\/\/universidadeslectoras.es\/xvaniversario\/wp-content\/uploads\/2021\/05\/CCJ.jpg 180w, https:\/\/universidadeslectoras.es\/xvaniversario\/wp-content\/uploads\/2021\/05\/CCJ-150x150.jpg 150w\" sizes=\"(max-width: 180px) 100vw, 180px\" \/><\/figure>\n<\/div>\n\n\n\n<div class=\"wp-block-column\" style=\"flex-basis:25%\">\n<figure class=\"wp-block-image size-large img-sombra\"><img loading=\"lazy\" width=\"180\" height=\"180\" src=\"https:\/\/universidadeslectoras.es\/xvaniversario\/wp-content\/uploads\/2021\/05\/FTS.jpg\" alt=\"\" class=\"wp-image-402\" srcset=\"https:\/\/universidadeslectoras.es\/xvaniversario\/wp-content\/uploads\/2021\/05\/FTS.jpg 180w, https:\/\/universidadeslectoras.es\/xvaniversario\/wp-content\/uploads\/2021\/05\/FTS-150x150.jpg 150w\" sizes=\"(max-width: 180px) 100vw, 180px\" \/><\/figure>\n<\/div>\n\n\n\n<div class=\"wp-block-column\" style=\"flex-basis:25%\">\n<figure class=\"wp-block-image size-large img-sombra\"><img loading=\"lazy\" width=\"180\" height=\"180\" src=\"https:\/\/universidadeslectoras.es\/xvaniversario\/wp-content\/uploads\/2021\/05\/USI.jpg\" alt=\"\" class=\"wp-image-403\" srcset=\"https:\/\/universidadeslectoras.es\/xvaniversario\/wp-content\/uploads\/2021\/05\/USI.jpg 180w, https:\/\/universidadeslectoras.es\/xvaniversario\/wp-content\/uploads\/2021\/05\/USI-150x150.jpg 150w\" sizes=\"(max-width: 180px) 100vw, 180px\" \/><\/figure>\n<\/div>\n\n\n\n<div class=\"wp-block-column\" style=\"flex-basis:25%\">\n<figure class=\"wp-block-image size-large img-sombra\"><img loading=\"lazy\" width=\"180\" height=\"180\" src=\"https:\/\/universidadeslectoras.es\/xvaniversario\/wp-content\/uploads\/2021\/05\/RIUL.jpg\" alt=\"\" class=\"wp-image-404\" srcset=\"https:\/\/universidadeslectoras.es\/xvaniversario\/wp-content\/uploads\/2021\/05\/RIUL.jpg 180w, https:\/\/universidadeslectoras.es\/xvaniversario\/wp-content\/uploads\/2021\/05\/RIUL-150x150.jpg 150w\" sizes=\"(max-width: 180px) 100vw, 180px\" \/><\/figure>\n<\/div>\n<\/div>\n\n\n\n<p><\/p>\n\n\n\n<p>Todos los di\u00e1logos tendr\u00e1n lugar entre los meses de <strong>junio y diciembre de 2021<\/strong>, anunci\u00e1ndose con antelaci\u00f3n su celebraci\u00f3n, que ser\u00e1 emitida on line.<\/p>\n\n\n\n<hr class=\"wp-block-separator\"\/>\n\n\n\n<p><\/p>\n\n\n\n<p><\/p>\n\n\n\n<figure class=\"wp-block-table is-style-regular\"><table class=\"has-subtle-pale-blue-background-color has-background\"><thead><tr><th class=\"has-text-align-center\" data-align=\"center\"><strong><span class=\"has-inline-color has-vivid-red-color\"><strong>5 de Junio<\/strong> de 2021<br><\/span><span class=\"has-inline-color has-black-color\"><strong>Juan Manuel de Prada vs Anna Caball\u00e9: Novela y biograf\u00eda<\/strong> <\/span>     <\/strong><\/th><\/tr><\/thead><\/table><\/figure>\n\n\n\n<figure class=\"wp-block-embed is-type-video is-provider-youtube wp-block-embed-youtube wp-embed-aspect-16-9 wp-has-aspect-ratio\"><div class=\"wp-block-embed__wrapper\">\n<div class=\"tg-oembed-container\"><iframe loading=\"lazy\" title=\"Di\u00e1logo entre Juan Manuel de Prada y Anna Caball\u00e9: Novela y biograf\u00eda.\" width=\"812\" height=\"457\" src=\"https:\/\/www.youtube.com\/embed\/J2_rFC6Fcow?feature=oembed\" frameborder=\"0\" allow=\"accelerometer; autoplay; clipboard-write; encrypted-media; gyroscope; picture-in-picture\" allowfullscreen><\/iframe><\/div>\n<\/div><\/figure>\n\n\n\n<div class=\"wp-block-kadence-spacer aligncenter kt-block-spacer-_c389d0-3c\"><div class=\"kt-block-spacer kt-block-spacer-halign-center\" style=\"height:60px\"><hr class=\"kt-divider\" style=\"border-top-color:#eee;border-top-width:1px;width:80%;border-top-style:solid\"\/><\/div><\/div>\n\n\n\n<figure class=\"wp-block-table is-style-regular\"><table class=\"has-subtle-pale-blue-background-color has-background\"><thead><tr><th><strong><span class=\"has-inline-color has-vivid-red-color\">19 de Junio de 2021<\/span><\/strong><br><strong><span class=\"has-inline-color has-black-color\">Ignacio Mart\u00ednez de Pis\u00f3n vs Jordi Canal: Historia y novela. El Franquismo.<\/span><\/strong> <strong>      <\/strong><\/th><\/tr><\/thead><\/table><\/figure>\n\n\n\n<figure class=\"wp-block-embed is-type-video is-provider-youtube wp-block-embed-youtube wp-embed-aspect-16-9 wp-has-aspect-ratio\"><div class=\"wp-block-embed__wrapper\">\n<div class=\"tg-oembed-container\"><iframe loading=\"lazy\" title=\"Di\u00e1logo entre Ignacio Mart\u00ednez de Pis\u00f3n y Jordi Canal: Historia y novela. El Franquismo.\" width=\"812\" height=\"457\" src=\"https:\/\/www.youtube.com\/embed\/fzkaJCCys98?feature=oembed\" frameborder=\"0\" allow=\"accelerometer; autoplay; clipboard-write; encrypted-media; gyroscope; picture-in-picture\" allowfullscreen><\/iframe><\/div>\n<\/div><\/figure>\n\n\n\n<div class=\"wp-block-kadence-spacer aligncenter kt-block-spacer-_5cd631-a9\"><div class=\"kt-block-spacer kt-block-spacer-halign-center\" style=\"height:60px\"><hr class=\"kt-divider\" style=\"border-top-color:#eee;border-top-width:1px;width:80%;border-top-style:solid\"\/><\/div><\/div>\n\n\n\n<p><\/p>\n\n\n\n<figure class=\"wp-block-table is-style-regular\"><table class=\"has-subtle-pale-blue-background-color has-background\"><thead><tr><th><strong><span class=\"has-inline-color has-vivid-red-color\">Pendiente de fecha<\/span><\/strong><br><strong>Ricardo Men\u00e9ndez Salm\u00f3n vs Fernando B\u00e1rcena:&nbsp;Filosof\u00eda y novela. El mal.&nbsp;<\/strong><\/th><\/tr><\/thead><tbody><tr><td><\/td><\/tr><\/tbody><\/table><\/figure>\n\n\n\n<figure class=\"wp-block-table is-style-regular\"><table class=\"has-subtle-pale-blue-background-color has-background\"><thead><tr><th><strong><span class=\"has-inline-color has-vivid-red-color\">Pendiente de fecha<\/span><\/strong><br><strong>Anna Caball\u00e9 vs Laura Freixas:&nbsp;Feminismo y narrativa.<\/strong><\/th><\/tr><\/thead><tbody><tr><td><\/td><\/tr><\/tbody><\/table><\/figure>\n\n\n\n<figure class=\"wp-block-table is-style-regular\"><table class=\"has-subtle-pale-blue-background-color has-background\"><thead><tr><th><strong><span class=\"has-inline-color has-vivid-red-color\">Pendiente de fecha<\/span><\/strong><br><strong>Daniel Gasc\u00f3n vs Sergio del Molino: Periodismo y literatura.<\/strong><\/th><\/tr><\/thead><tbody><tr><td><\/td><\/tr><\/tbody><\/table><\/figure>\n\n\n\n<figure class=\"wp-block-table is-style-regular\"><table class=\"has-subtle-pale-blue-background-color has-background\"><thead><tr><th><strong><span class=\"has-inline-color has-vivid-red-color\">16 de Septiembre de 2021<\/span><\/strong><br><strong>Gabriela Cabez\u00f3n C\u00e1mara vs Daniela Guti\u00e9rrez: \u00bfla literatura es un tema de trama, personajes o lengua?.<\/strong><\/th><\/tr><\/thead><\/table><\/figure>\n\n\n\n<figure class=\"wp-block-embed is-type-video is-provider-youtube wp-block-embed-youtube wp-embed-aspect-16-9 wp-has-aspect-ratio\"><div class=\"wp-block-embed__wrapper\">\n<div class=\"tg-oembed-container\"><iframe loading=\"lazy\" title=\"Ciclo Fronteras Permeables: Gabriela Cabez\u00f3n C\u00e1mara y Daniela Guti\u00e9rrez\" width=\"812\" height=\"457\" src=\"https:\/\/www.youtube.com\/embed\/tlMuYYYxVaU?start=1&#038;feature=oembed\" frameborder=\"0\" allow=\"accelerometer; autoplay; clipboard-write; encrypted-media; gyroscope; picture-in-picture\" allowfullscreen><\/iframe><\/div>\n<\/div><\/figure>\n\n\n\n<div class=\"wp-block-kadence-spacer aligncenter kt-block-spacer-_c03610-8e\"><div class=\"kt-block-spacer kt-block-spacer-halign-center\" style=\"height:30px\"><hr class=\"kt-divider\" style=\"border-top-color:#eee;border-top-width:1px;width:80%;border-top-style:solid\"\/><\/div><\/div>\n\n\n\n<figure class=\"wp-block-table is-style-regular\"><table class=\"has-subtle-pale-blue-background-color has-background\"><thead><tr><th><strong><span class=\"has-inline-color has-vivid-red-color\">30 de septiembre de 2021<\/span><\/strong><br><strong>Felipe Pigna vs Fernando Rubio: la literatura como historia o la ficci\u00f3n de la historia.<\/strong><\/th><\/tr><\/thead><\/table><\/figure>\n\n\n\n<figure class=\"wp-block-embed is-type-video is-provider-youtube wp-block-embed-youtube wp-embed-aspect-16-9 wp-has-aspect-ratio\"><div class=\"wp-block-embed__wrapper\">\n<div class=\"tg-oembed-container\"><iframe loading=\"lazy\" title=\"Ciclo Fronteras Permeables\" width=\"812\" height=\"457\" src=\"https:\/\/www.youtube.com\/embed\/npo728CjTes?feature=oembed\" frameborder=\"0\" allow=\"accelerometer; autoplay; clipboard-write; encrypted-media; gyroscope; picture-in-picture\" allowfullscreen><\/iframe><\/div>\n<\/div><\/figure>\n\n\n\n<div class=\"wp-block-kadence-spacer aligncenter kt-block-spacer-_f06511-74\"><div class=\"kt-block-spacer kt-block-spacer-halign-center\" style=\"height:60px\"><hr class=\"kt-divider\" style=\"border-top-color:#eee;border-top-width:1px;width:80%;border-top-style:solid\"\/><\/div><\/div>\n\n\n\n<figure class=\"wp-block-table is-style-regular\"><table class=\"has-subtle-pale-blue-background-color has-background\"><thead><tr><th><strong><span class=\"has-inline-color has-vivid-red-color\"><strong>16 de Septiembre de 2021<\/strong><\/span><\/strong><br><strong>Guillermo Mart\u00ednez vs Diego Hurtado de Mendoza: Literatura vs Ciencia.<\/strong><\/th><\/tr><\/thead><\/table><\/figure>\n\n\n\n<figure class=\"wp-block-embed is-type-video is-provider-youtube wp-block-embed-youtube wp-embed-aspect-16-9 wp-has-aspect-ratio\"><div class=\"wp-block-embed__wrapper\">\n<div class=\"tg-oembed-container\"><iframe loading=\"lazy\" title=\"Ciclo Fronteras Permeables\" width=\"812\" height=\"457\" src=\"https:\/\/www.youtube.com\/embed\/wFErRS_-PdQ?feature=oembed\" frameborder=\"0\" allow=\"accelerometer; autoplay; clipboard-write; encrypted-media; gyroscope; picture-in-picture\" allowfullscreen><\/iframe><\/div>\n<\/div><\/figure>\n\n\n\n<div class=\"wp-block-kadence-spacer aligncenter kt-block-spacer-_461f94-9d\"><div class=\"kt-block-spacer kt-block-spacer-halign-center\" style=\"height:60px\"><hr class=\"kt-divider\" style=\"border-top-color:#eee;border-top-width:1px;width:80%;border-top-style:solid\"\/><\/div><\/div>\n\n\n\n<figure class=\"wp-block-table is-style-regular\"><table class=\"has-subtle-pale-blue-background-color has-background\"><thead><tr><th><strong><span class=\"has-inline-color has-vivid-red-color\">7 de Octubre de 2021<\/span><\/strong><br><strong>Fernanda Tr\u00edas vs Gisela Heffes: Literatura y Antropoceno.<\/strong><\/th><\/tr><\/thead><\/table><\/figure>\n\n\n\n<figure class=\"wp-block-embed is-type-video is-provider-youtube wp-block-embed-youtube wp-embed-aspect-16-9 wp-has-aspect-ratio\"><div class=\"wp-block-embed__wrapper\">\n<div class=\"tg-oembed-container\"><iframe loading=\"lazy\" title=\"Ciclo Fronteras Permeables: Fernanda Tr\u00edas y Gisela Heffes\" width=\"812\" height=\"457\" src=\"https:\/\/www.youtube.com\/embed\/gf_gdLyHdpY?feature=oembed\" frameborder=\"0\" allow=\"accelerometer; autoplay; clipboard-write; encrypted-media; gyroscope; picture-in-picture\" allowfullscreen><\/iframe><\/div>\n<\/div><\/figure>\n\n\n\n<figure class=\"wp-block-table is-style-regular\"><table class=\"has-subtle-pale-blue-background-color has-background\"><thead><tr><th><strong><span class=\"has-inline-color has-vivid-red-color\">Pendiente de fecha<\/span><\/strong><br><strong>Laura Baeza vs Karen Hallberg: La novela y el futuro.<\/strong><\/th><\/tr><\/thead><tbody><tr><td><\/td><\/tr><\/tbody><\/table><\/figure>\n","protected":false},"excerpt":{"rendered":"<p>Di\u00e1logos entre escritores y acad\u00e9micos Este conjunto de di\u00e1logos reunir\u00e1n siempre a un\/a novelista y un\/a acad\u00e9mico\/a que entronquen en un objeto tem\u00e1tico. Por ejemplo, un historiador que haga biograf\u00edas y un novelista que haga biograf\u00edas noveladas; un historiador y un novelista que haga novela hist\u00f3rica; un periodista y un novelista que novele realidades sociales [&hellip;]<\/p>\n","protected":false},"author":1,"featured_media":0,"parent":0,"menu_order":0,"comment_status":"closed","ping_status":"closed","template":"","meta":{"kt_blocks_editor_width":""},"_links":{"self":[{"href":"https:\/\/universidadeslectoras.es\/xvaniversario\/index.php\/wp-json\/wp\/v2\/pages\/368"}],"collection":[{"href":"https:\/\/universidadeslectoras.es\/xvaniversario\/index.php\/wp-json\/wp\/v2\/pages"}],"about":[{"href":"https:\/\/universidadeslectoras.es\/xvaniversario\/index.php\/wp-json\/wp\/v2\/types\/page"}],"author":[{"embeddable":true,"href":"https:\/\/universidadeslectoras.es\/xvaniversario\/index.php\/wp-json\/wp\/v2\/users\/1"}],"replies":[{"embeddable":true,"href":"https:\/\/universidadeslectoras.es\/xvaniversario\/index.php\/wp-json\/wp\/v2\/comments?post=368"}],"version-history":[{"count":26,"href":"https:\/\/universidadeslectoras.es\/xvaniversario\/index.php\/wp-json\/wp\/v2\/pages\/368\/revisions"}],"predecessor-version":[{"id":480,"href":"https:\/\/universidadeslectoras.es\/xvaniversario\/index.php\/wp-json\/wp\/v2\/pages\/368\/revisions\/480"}],"wp:attachment":[{"href":"https:\/\/universidadeslectoras.es\/xvaniversario\/index.php\/wp-json\/wp\/v2\/media?parent=368"}],"curies":[{"name":"wp","href":"https:\/\/api.w.org\/{rel}","templated":true}]}}